{"id":740,"date":"2020-12-17T23:40:43","date_gmt":"2020-12-17T23:40:43","guid":{"rendered":"https:\/\/logistikaz.com\/home\/?page_id=740"},"modified":"2025-01-06T03:41:24","modified_gmt":"2025-01-06T03:41:24","slug":"home","status":"publish","type":"page","link":"https:\/\/logistikaz.com\/home\/","title":{"rendered":"Home"},"content":{"rendered":"\n\n\n\n\n\n\n\nTransformamos el servicio de <strong>Traslado de Valores<\/strong> apoyados en innovaciones tecnol\u00f3gicas de punta, redefiniendo los est\u00e1ndares de seguridad y minimizaci\u00f3n de riesgos\n\n\n\n\n\n\n\n\n\n\n<p><span style=\"font-family: &quot;Trebuchet MS&quot;, Helvetica, sans-serif; font-size: 28px;\">M\u00c1S QUE UN SERVICIO, DESARROLLAMOS UNA&nbsp;<\/span><span style=\"font-family: &quot;Trebuchet MS&quot;, Helvetica, sans-serif; font-size: 28px; color: rgb(49, 133, 155);\"><strong>ESTRATEGIA DE SEGURIDAD<\/strong><\/span><span style=\"font-family: &quot;Trebuchet MS&quot;, Helvetica, sans-serif; font-size: 28px;\">&nbsp;EN&nbsp;<\/span><span style=\"font-family: &quot;Trebuchet MS&quot;, Helvetica, sans-serif; font-size: 28px; color: rgb(49, 133, 155);\"><strong>EL TRASLADO DE VALORES<\/strong>&nbsp;<\/span><\/p>\n\n<p style=\"font-size: 14px;\"><\/p><p style=\"text-align: justify;\"><span style=\"padding: 0px; margin: 0px; overflow-wrap: break-word; caret-color: rgb(97, 97, 97); color: rgb(97, 97, 97); font-family: poppins; text-align: center;\">En LOGISTIKAZ, lideramos la innovaci\u00f3n en el sector de traslado de valores combinando la tecnolog\u00eda de punta, con estrategias diferentes para ofrecer servicios seguros e innovadores, minimizando riesgos colaterales y violentos. <\/span><\/p>\n<p style=\"text-align: justify;\"><span style=\"padding: 0px; margin: 0px; overflow-wrap: break-word; caret-color: rgb(97, 97, 97); color: rgb(97, 97, 97); font-family: poppins; text-align: center;\"><\/span><span style=\"padding: 0px; margin: 0px; overflow-wrap: break-word; caret-color: rgb(97, 97, 97); color: rgb(97, 97, 97); font-family: poppins;\"><font color=\"#006d8f\" style=\"padding: 0px; margin: 0px; overflow-wrap: break-word;\">Damos soluciones integrales en seguridad y traslado de valores, combinando servicios innovadores y de alta calidad con la m\u00e1s avanzada tecnolog\u00eda. <\/font><\/span><span style=\"padding: 0px; margin: 0px; overflow-wrap: break-word; caret-color: rgb(97, 97, 97); color: rgb(97, 97, 97); font-family: poppins; text-align: center;\">&nbsp;<\/span><\/p><span style=\"padding: 0px; margin: 0px; overflow-wrap: break-word; caret-color: rgb(97, 97, 97); color: rgb(97, 97, 97); font-family: poppins; text-align: center;\"><p style=\"text-align: justify;\"><br><\/p><\/span>\n\n\n\n\n\nQUE NOS HACE DIFERENTES\n\n\n\n<p style=\"text-align: center; font-size: 14px;\"><span style=\"font-size: medium; text-align: left;\">La tecnolog\u00eda m\u00e1s reciente, integrada a equipos antirobo, innovaci\u00f3n y eficacia.<\/span><\/p>\n\n\n<p style=\"text-align: center; font-size: 14px;\"><span style=\"font-size: medium; text-align: left;\">Una correcta planeaci\u00f3n, dise\u00f1o de estrategias y uso de tecnolog\u00eda adecuada, nos permiten ofrecer un servicio eficaz y seguro.<\/span><\/p>\n\n\n<p style=\"text-align: center; font-size: 14px;\"><span style=\"font-size: medium; text-align: left;\">Gracias a la integraci\u00f3n de nuestra tecnolog\u00eda podemos implementar estrategias que eviten da\u00f1os colaterales y garanticen la seguridad.<\/span><\/p>\n\n\n\n\n\n\n\n\nNuestros servicios\n\n\n\n\n\n\n\n\n\n\n\n\n\n\n\n\n\n\n\n\n\n\n\n\n\n\n\n\n\n\n\n\n\n\n\n\n\n\n\n\n\n\n\n\n\n\n\n\n\n\n\n\n\n\n\n\n\n\n\n\n\n\n\n\n\n\n\n\n\n\n\n\n\n\n\n\n\n\n\n\n\n\n\n\n\n\n\n\n\n\n\n\n\n\n<h2>PONTE EN CONTACTO<\/h2>\n\n<p style=\"text-align: justify;\">Descubre un servicio de traslado de valores diferente, innovamos integrando tecnolog\u00eda y estrategia. Con mucho gusto te podemos enviar m\u00e1s informaci\u00f3n o si requieres una cotizaci\u00f3n no dudes en ponerte en contacto para armarte un plan a la medida de acuerdo a tus necesidades y objetivos.<\/p>\n{\u00abtitle\u00bb:\u00bb\u00bb,\u00bbform\u00bb:\u00bb2&#8243;}\n\n\n\n\n\nATRIBUTOS\n\n\n\n\n\n\n\n\n\n\n\n\n\n\n\n\n\n\n\n\n\n\n\n\n\n\n\nTestimonios de nuestros clientes\n\n\n\n<p style=\"text-align: left; font-size: 14px;\"><span style=\"caret-color: rgb(142, 157, 174); color: rgb(142, 157, 174); font-family: Arial, Helvetica, sans-serif; font-size: 16px; text-align: center;\">Excelente servicio, muy diferente al que yo estaba acostumbrado, esto me dio mucha m\u00e1s seguridad y confianza; adem\u00e1s su personal esta capacitado de manera constante por lo que pudimos observar.<\/span><\/p>\n\n\n<p style=\"text-align: left; font-size: 14px;\"><span style=\"caret-color: rgb(142, 157, 174); color: rgb(142, 157, 174); font-family: Arial, Helvetica, sans-serif; font-size: 16px; text-align: center;\">El personal se mueve con respeto y amabilidad pero sin dejar de mantener una distancia y la concentraci\u00f3n en el servicio. Pendientes de cualquier cambio en el exterior.<\/span><\/p>\n\n\n<p style=\"text-align: left; font-size: 14px;\"><span style=\"caret-color: rgb(142, 157, 174); color: rgb(142, 157, 174); font-family: Arial, Helvetica, sans-serif; font-size: 16px; text-align: center;\">Necesitabamos sentirnos m\u00e1s en confianza, especialmente en las guardias nocturnas, implementar esta estrategia nos ha dado la vuelta a la tranquilidad en la cl\u00ednica, evitar llevar armas representa un gran acierto.<\/span><\/p>\n\n\n\n\n\n\n\n\n\n\n\n","protected":false},"excerpt":{"rendered":"","protected":false},"author":1,"featured_media":0,"parent":0,"menu_order":0,"comment_status":"closed","ping_status":"closed","template":"","meta":{"pagelayer_contact_templates":[],"_pagelayer_content":"","_joinchat":[],"footnotes":""},"class_list":["post-740","page","type-page","status-publish","hentry"],"yoast_head":"<!-- This site is optimized with the Yoast SEO plugin v26.8 - https:\/\/yoast.com\/product\/yoast-seo-wordpress\/ -->\n<title>Home - Logistikaz<\/title>\n<meta name=\"robots\" content=\"index, follow, max-snippet:-1, max-image-preview:large, max-video-preview:-1\" \/>\n<link rel=\"canonical\" href=\"https:\/\/logistikaz.com\/home\/\" \/>\n<meta property=\"og:locale\" content=\"es_ES\" \/>\n<meta property=\"og:type\" content=\"article\" \/>\n<meta property=\"og:title\" content=\"Home - Logistikaz\" \/>\n<meta property=\"og:url\" content=\"https:\/\/logistikaz.com\/home\/\" \/>\n<meta property=\"og:site_name\" content=\"Logistikaz\" \/>\n<meta property=\"article:publisher\" content=\"https:\/\/www.facebook.com\/logistikaz\/\" \/>\n<meta property=\"article:modified_time\" content=\"2025-01-06T03:41:24+00:00\" \/>\n<meta name=\"twitter:card\" content=\"summary_large_image\" \/>\n<meta name=\"twitter:site\" content=\"@logistikaz\" \/>\n<meta name=\"twitter:label1\" content=\"Tiempo de lectura\" \/>\n\t<meta name=\"twitter:data1\" content=\"2 minutos\" \/>\n<script type=\"application\/ld+json\" class=\"yoast-schema-graph\">{\"@context\":\"https:\/\/schema.org\",\"@graph\":[{\"@type\":\"WebPage\",\"@id\":\"https:\/\/logistikaz.com\/home\/\",\"url\":\"https:\/\/logistikaz.com\/home\/\",\"name\":\"Home - Logistikaz\",\"isPartOf\":{\"@id\":\"https:\/\/logistikaz.com\/home\/#website\"},\"datePublished\":\"2020-12-17T23:40:43+00:00\",\"dateModified\":\"2025-01-06T03:41:24+00:00\",\"breadcrumb\":{\"@id\":\"https:\/\/logistikaz.com\/home\/#breadcrumb\"},\"inLanguage\":\"es\",\"potentialAction\":[{\"@type\":\"ReadAction\",\"target\":[\"https:\/\/logistikaz.com\/home\/\"]}]},{\"@type\":\"BreadcrumbList\",\"@id\":\"https:\/\/logistikaz.com\/home\/#breadcrumb\",\"itemListElement\":[{\"@type\":\"ListItem\",\"position\":1,\"name\":\"Portada\",\"item\":\"https:\/\/logistikaz.com\/home\/\"},{\"@type\":\"ListItem\",\"position\":2,\"name\":\"Home\"}]},{\"@type\":\"WebSite\",\"@id\":\"https:\/\/logistikaz.com\/home\/#website\",\"url\":\"https:\/\/logistikaz.com\/home\/\",\"name\":\"Logistikaz\",\"description\":\"P&aacute;gina Oficial de Logistikaz\",\"publisher\":{\"@id\":\"https:\/\/logistikaz.com\/home\/#organization\"},\"potentialAction\":[{\"@type\":\"SearchAction\",\"target\":{\"@type\":\"EntryPoint\",\"urlTemplate\":\"https:\/\/logistikaz.com\/home\/?s={search_term_string}\"},\"query-input\":{\"@type\":\"PropertyValueSpecification\",\"valueRequired\":true,\"valueName\":\"search_term_string\"}}],\"inLanguage\":\"es\"},{\"@type\":\"Organization\",\"@id\":\"https:\/\/logistikaz.com\/home\/#organization\",\"name\":\"Logistikaz Traslado de valores\",\"url\":\"https:\/\/logistikaz.com\/home\/\",\"logo\":{\"@type\":\"ImageObject\",\"inLanguage\":\"es\",\"@id\":\"https:\/\/logistikaz.com\/home\/#\/schema\/logo\/image\/\",\"url\":\"https:\/\/ml5chp4esles.i.optimole.com\/cb:vVLf~49e10\/w:auto\/h:auto\/q:mauto\/f:best\/ig:avif\/https:\/\/logistikaz.com\/home\/wp-content\/uploads\/2020\/10\/logo-LOGISTIKAZ-panton.png\",\"contentUrl\":\"https:\/\/ml5chp4esles.i.optimole.com\/cb:vVLf~49e10\/w:auto\/h:auto\/q:mauto\/f:best\/ig:avif\/https:\/\/logistikaz.com\/home\/wp-content\/uploads\/2020\/10\/logo-LOGISTIKAZ-panton.png\",\"width\":2513,\"height\":1937,\"caption\":\"Logistikaz Traslado de valores\"},\"image\":{\"@id\":\"https:\/\/logistikaz.com\/home\/#\/schema\/logo\/image\/\"},\"sameAs\":[\"https:\/\/www.facebook.com\/logistikaz\/\",\"https:\/\/x.com\/logistikaz\",\"https:\/\/www.instagram.com\/logistikaz\/\",\"https:\/\/www.linkedin.com\/company\/logistikaz\"]}]}<\/script>\n<!-- \/ Yoast SEO plugin. -->","yoast_head_json":{"title":"Home - Logistikaz","robots":{"index":"index","follow":"follow","max-snippet":"max-snippet:-1","max-image-preview":"max-image-preview:large","max-video-preview":"max-video-preview:-1"},"canonical":"https:\/\/logistikaz.com\/home\/","og_locale":"es_ES","og_type":"article","og_title":"Home - Logistikaz","og_url":"https:\/\/logistikaz.com\/home\/","og_site_name":"Logistikaz","article_publisher":"https:\/\/www.facebook.com\/logistikaz\/","article_modified_time":"2025-01-06T03:41:24+00:00","twitter_card":"summary_large_image","twitter_site":"@logistikaz","twitter_misc":{"Tiempo de lectura":"2 minutos"},"schema":{"@context":"https:\/\/schema.org","@graph":[{"@type":"WebPage","@id":"https:\/\/logistikaz.com\/home\/","url":"https:\/\/logistikaz.com\/home\/","name":"Home - Logistikaz","isPartOf":{"@id":"https:\/\/logistikaz.com\/home\/#website"},"datePublished":"2020-12-17T23:40:43+00:00","dateModified":"2025-01-06T03:41:24+00:00","breadcrumb":{"@id":"https:\/\/logistikaz.com\/home\/#breadcrumb"},"inLanguage":"es","potentialAction":[{"@type":"ReadAction","target":["https:\/\/logistikaz.com\/home\/"]}]},{"@type":"BreadcrumbList","@id":"https:\/\/logistikaz.com\/home\/#breadcrumb","itemListElement":[{"@type":"ListItem","position":1,"name":"Portada","item":"https:\/\/logistikaz.com\/home\/"},{"@type":"ListItem","position":2,"name":"Home"}]},{"@type":"WebSite","@id":"https:\/\/logistikaz.com\/home\/#website","url":"https:\/\/logistikaz.com\/home\/","name":"Logistikaz","description":"P&aacute;gina Oficial de Logistikaz","publisher":{"@id":"https:\/\/logistikaz.com\/home\/#organization"},"potentialAction":[{"@type":"SearchAction","target":{"@type":"EntryPoint","urlTemplate":"https:\/\/logistikaz.com\/home\/?s={search_term_string}"},"query-input":{"@type":"PropertyValueSpecification","valueRequired":true,"valueName":"search_term_string"}}],"inLanguage":"es"},{"@type":"Organization","@id":"https:\/\/logistikaz.com\/home\/#organization","name":"Logistikaz Traslado de valores","url":"https:\/\/logistikaz.com\/home\/","logo":{"@type":"ImageObject","inLanguage":"es","@id":"https:\/\/logistikaz.com\/home\/#\/schema\/logo\/image\/","url":"https:\/\/ml5chp4esles.i.optimole.com\/cb:vVLf~49e10\/w:auto\/h:auto\/q:mauto\/f:best\/ig:avif\/https:\/\/logistikaz.com\/home\/wp-content\/uploads\/2020\/10\/logo-LOGISTIKAZ-panton.png","contentUrl":"https:\/\/ml5chp4esles.i.optimole.com\/cb:vVLf~49e10\/w:auto\/h:auto\/q:mauto\/f:best\/ig:avif\/https:\/\/logistikaz.com\/home\/wp-content\/uploads\/2020\/10\/logo-LOGISTIKAZ-panton.png","width":2513,"height":1937,"caption":"Logistikaz Traslado de valores"},"image":{"@id":"https:\/\/logistikaz.com\/home\/#\/schema\/logo\/image\/"},"sameAs":["https:\/\/www.facebook.com\/logistikaz\/","https:\/\/x.com\/logistikaz","https:\/\/www.instagram.com\/logistikaz\/","https:\/\/www.linkedin.com\/company\/logistikaz"]}]}},"_links":{"self":[{"href":"https:\/\/logistikaz.com\/home\/wp-json\/wp\/v2\/pages\/740","targetHints":{"allow":["GET"]}}],"collection":[{"href":"https:\/\/logistikaz.com\/home\/wp-json\/wp\/v2\/pages"}],"about":[{"href":"https:\/\/logistikaz.com\/home\/wp-json\/wp\/v2\/types\/page"}],"author":[{"embeddable":true,"href":"https:\/\/logistikaz.com\/home\/wp-json\/wp\/v2\/users\/1"}],"replies":[{"embeddable":true,"href":"https:\/\/logistikaz.com\/home\/wp-json\/wp\/v2\/comments?post=740"}],"version-history":[{"count":155,"href":"https:\/\/logistikaz.com\/home\/wp-json\/wp\/v2\/pages\/740\/revisions"}],"predecessor-version":[{"id":1514,"href":"https:\/\/logistikaz.com\/home\/wp-json\/wp\/v2\/pages\/740\/revisions\/1514"}],"wp:attachment":[{"href":"https:\/\/logistikaz.com\/home\/wp-json\/wp\/v2\/media?parent=740"}],"curies":[{"name":"wp","href":"https:\/\/api.w.org\/{rel}","templated":true}]}}