{"id":470,"date":"2020-11-18T20:09:30","date_gmt":"2020-11-18T20:09:30","guid":{"rendered":"https:\/\/logistikaz.com\/home\/?page_id=470"},"modified":"2024-11-28T20:06:14","modified_gmt":"2024-11-28T20:06:14","slug":"service-3","status":"publish","type":"page","link":"https:\/\/logistikaz.com\/home\/service-3\/","title":{"rendered":"ENTREGA DE VALORES"},"content":{"rendered":"\n\n\nENTREGA DE VALORES\n\n\n\n\n\n\n\ndotaci\u00f3n o entrega de valores\n\n<p style=\"margin: 0px 0px 16px; padding: 0px; outline: 0px; word-wrap: break-word; caret-color: rgb(122, 122, 122); color: rgb(122, 122, 122); font-family: Roboto, sans-serif; font-size: 16px; text-align: justify;\"><strong style=\"margin: 0px; padding: 0px; outline: 0px;\"><span class=\"has-inline-color\" style=\"margin: 0px; padding: 0px; outline: 0px; color: rgb(23, 79, 102);\">LOGISTIKAZ\u00ae<\/span><\/strong>&nbsp;cuenta con&nbsp;una amplia experiencia de nuestros colaboradores,&nbsp;donde&nbsp;nos enfocamos a ofrecer a nuestros clientes<strong style=\"margin: 0px; padding: 0px; outline: 0px;\"><span class=\"has-inline-color\" style=\"margin: 0px; padding: 0px; outline: 0px; color: rgb(23, 79, 102);\">&nbsp;soluciones&nbsp;innovadoras&nbsp;<\/span><\/strong>y de mayor seguridad&nbsp;en&nbsp;<strong style=\"margin: 0px; padding: 0px; outline: 0px;\"><span class=\"has-inline-color\" style=\"margin: 0px; padding: 0px; outline: 0px; color: rgb(23, 79, 102);\">el manejo de sus valores<\/span><\/strong>, de acuerdo a las necesidades de cada&nbsp;Cliente, bas\u00e1ndonos&nbsp;conceptos diferenciadores de servicio&nbsp;&nbsp;y&nbsp;en la innovaci\u00f3n tecnol\u00f3gica.<\/p><figure class=\"wp-block-image size-large\" style=\"margin: 0px 0px 1em; padding: 0px; outline: 0px; caret-color: rgb(122, 122, 122); color: rgb(122, 122, 122); font-family: Roboto, sans-serif; font-size: 16px; text-align: justify;\"><\/figure><p><\/p><p style=\"margin: 0px 0px 16px; padding: 0px; outline: 0px; word-wrap: break-word; caret-color: rgb(122, 122, 122); color: rgb(122, 122, 122); font-family: Roboto, sans-serif; font-size: 16px; text-align: justify;\">\u2022Ofrecemos&nbsp;el&nbsp;servicio de&nbsp;<strong style=\"margin: 0px; padding: 0px; outline: 0px;\"><span class=\"has-inline-color\" style=\"margin: 0px; padding: 0px; outline: 0px; color: rgb(23, 79, 102);\">Dotaci\u00f3n&nbsp;de&nbsp;Efectivo<\/span><\/strong>,&nbsp;en billete o&nbsp;morralla etc. necesarias para su operaci\u00f3n&nbsp;diaria o programada, las cuales&nbsp;realizamos&nbsp;a trav\u00e9s de&nbsp;<strong style=\"margin: 0px; padding: 0px; outline: 0px;\"><span class=\"has-inline-color\" style=\"margin: 0px; padding: 0px; outline: 0px; color: rgb(23, 79, 102);\">Dispositivos Inteligentes antirrobo<\/span><\/strong>&nbsp;(para mayor informaci\u00f3n contactanos),&nbsp;con&nbsp;<em style=\"margin: 0px; padding: 0px; outline: 0px;\">tecnolog\u00eda&nbsp;de punta<\/em>, lo que nos&nbsp;permite&nbsp;<em style=\"margin: 0px; padding: 0px; outline: 0px;\">no requerir&nbsp;armas<\/em>&nbsp;durante&nbsp;el servicio,&nbsp;minimizando&nbsp;con esto da\u00f1os colaterales&nbsp;a las personas&nbsp;en alg\u00fan siniestro.&nbsp;<strong style=\"margin: 0px; padding: 0px; outline: 0px;\"><span class=\"has-inline-color\" style=\"margin: 0px; padding: 0px; outline: 0px; color: rgb(23, 79, 102);\">Garantizamos<\/span><\/strong>&nbsp;que sus valores llegar\u00e1n sin ser manipulados en el camino.&nbsp;<\/p><p style=\"margin: 0px 0px 16px; padding: 0px; outline: 0px; word-wrap: break-word; caret-color: rgb(122, 122, 122); color: rgb(122, 122, 122); font-family: Roboto, sans-serif; font-size: 16px; text-align: justify;\">\u2022Utilizamos&nbsp;<strong style=\"margin: 0px; padding: 0px; outline: 0px;\"><span class=\"has-inline-color\" style=\"margin: 0px; padding: 0px; outline: 0px; color: rgb(23, 79, 102);\">unidades blindadas ligeras<\/span><\/strong>, lo que nos hace menos llamativos, al momento de&nbsp;<em style=\"margin: 0px; padding: 0px; outline: 0px;\">entregar sus valores<\/em>.&nbsp;<\/p><p style=\"margin: 0px 0px 16px; padding: 0px; outline: 0px; word-wrap: break-word; caret-color: rgb(122, 122, 122); color: rgb(122, 122, 122); font-family: Roboto, sans-serif; font-size: 16px; text-align: justify;\">\u2022Contamos con un&nbsp;<strong style=\"margin: 0px; padding: 0px; outline: 0px;\"><span class=\"has-inline-color\" style=\"margin: 0px; padding: 0px; outline: 0px; color: rgb(23, 79, 102);\">Centro de Atenci\u00f3n a Clientes&nbsp;Logistikaz<\/span><\/strong>,&nbsp;el cual avisar\u00e1 en tiempo real el status de sus valores,&nbsp;el&nbsp;<em style=\"margin: 0px; padding: 0px; outline: 0px;\">status de sus valores<\/em>&nbsp;por los canales:&nbsp;Wats&nbsp;Up, Correo electr\u00f3nico, SMS, etc.,&nbsp;as\u00ed como&nbsp;atender&nbsp;cualquier duda&nbsp;de su servicio.<\/p><p style=\"margin: 0px 0px 16px; padding: 0px; outline: 0px; word-wrap: break-word; caret-color: rgb(122, 122, 122); color: rgb(122, 122, 122); font-family: Roboto, sans-serif; font-size: 16px; text-align: justify;\">\u2022Manejo&nbsp;de&nbsp;<strong style=\"margin: 0px; padding: 0px; outline: 0px;\"><span class=\"has-inline-color\" style=\"margin: 0px; padding: 0px; outline: 0px; color: rgb(23, 79, 102);\">altos&nbsp;est\u00e1ndares&nbsp;de calidad en el servicio&nbsp;y puntualidad<\/span><\/strong>,&nbsp;&nbsp;lo que nos hace una empresa eficiente y&nbsp;oportuna&nbsp;en nuestros servicios<\/p>\n\n\n\n\n\n\n<h2>Ponte en contacto<\/h2>\n<p style=\"text-align: center;\"><span style=\"background-color: transparent; font-size: 12px;\">Si requieres m\u00e1s informaci\u00f3n d\u00e9janos tus datos y nos comunicaremos contigo cuanto antes.<\/span><\/p>\n{\u00abtitle\u00bb:\u00bb \u00ab,\u00bbform\u00bb:\u00bb2&#8243;}\n\n\n\n\n\n\n\n\n\n\n\n\n\n\n\n\n\n\n\n","protected":false},"excerpt":{"rendered":"","protected":false},"author":1,"featured_media":0,"parent":0,"menu_order":0,"comment_status":"closed","ping_status":"closed","template":"","meta":{"pagelayer_contact_templates":[],"_pagelayer_content":"","_joinchat":[],"footnotes":""},"class_list":["post-470","page","type-page","status-publish","hentry"],"yoast_head":"<!-- This site is optimized with the Yoast SEO plugin v26.8 - https:\/\/yoast.com\/product\/yoast-seo-wordpress\/ -->\n<title>ENTREGA DE VALORES - Logistikaz<\/title>\n<meta name=\"robots\" content=\"index, follow, max-snippet:-1, max-image-preview:large, max-video-preview:-1\" \/>\n<link rel=\"canonical\" href=\"https:\/\/logistikaz.com\/home\/service-3\/\" \/>\n<meta property=\"og:locale\" content=\"es_ES\" \/>\n<meta property=\"og:type\" content=\"article\" \/>\n<meta property=\"og:title\" content=\"ENTREGA DE VALORES - Logistikaz\" \/>\n<meta property=\"og:url\" content=\"https:\/\/logistikaz.com\/home\/service-3\/\" \/>\n<meta property=\"og:site_name\" content=\"Logistikaz\" \/>\n<meta property=\"article:publisher\" content=\"https:\/\/www.facebook.com\/logistikaz\/\" \/>\n<meta property=\"article:modified_time\" content=\"2024-11-28T20:06:14+00:00\" \/>\n<meta name=\"twitter:card\" content=\"summary_large_image\" \/>\n<meta name=\"twitter:site\" content=\"@logistikaz\" \/>\n<meta name=\"twitter:label1\" content=\"Tiempo de lectura\" \/>\n\t<meta name=\"twitter:data1\" content=\"2 minutos\" \/>\n<script type=\"application\/ld+json\" class=\"yoast-schema-graph\">{\"@context\":\"https:\/\/schema.org\",\"@graph\":[{\"@type\":\"WebPage\",\"@id\":\"https:\/\/logistikaz.com\/home\/service-3\/\",\"url\":\"https:\/\/logistikaz.com\/home\/service-3\/\",\"name\":\"ENTREGA DE VALORES - Logistikaz\",\"isPartOf\":{\"@id\":\"https:\/\/logistikaz.com\/home\/#website\"},\"datePublished\":\"2020-11-18T20:09:30+00:00\",\"dateModified\":\"2024-11-28T20:06:14+00:00\",\"breadcrumb\":{\"@id\":\"https:\/\/logistikaz.com\/home\/service-3\/#breadcrumb\"},\"inLanguage\":\"es\",\"potentialAction\":[{\"@type\":\"ReadAction\",\"target\":[\"https:\/\/logistikaz.com\/home\/service-3\/\"]}]},{\"@type\":\"BreadcrumbList\",\"@id\":\"https:\/\/logistikaz.com\/home\/service-3\/#breadcrumb\",\"itemListElement\":[{\"@type\":\"ListItem\",\"position\":1,\"name\":\"Portada\",\"item\":\"https:\/\/logistikaz.com\/home\/\"},{\"@type\":\"ListItem\",\"position\":2,\"name\":\"ENTREGA DE VALORES\"}]},{\"@type\":\"WebSite\",\"@id\":\"https:\/\/logistikaz.com\/home\/#website\",\"url\":\"https:\/\/logistikaz.com\/home\/\",\"name\":\"Logistikaz\",\"description\":\"P&aacute;gina Oficial de Logistikaz\",\"publisher\":{\"@id\":\"https:\/\/logistikaz.com\/home\/#organization\"},\"potentialAction\":[{\"@type\":\"SearchAction\",\"target\":{\"@type\":\"EntryPoint\",\"urlTemplate\":\"https:\/\/logistikaz.com\/home\/?s={search_term_string}\"},\"query-input\":{\"@type\":\"PropertyValueSpecification\",\"valueRequired\":true,\"valueName\":\"search_term_string\"}}],\"inLanguage\":\"es\"},{\"@type\":\"Organization\",\"@id\":\"https:\/\/logistikaz.com\/home\/#organization\",\"name\":\"Logistikaz Traslado de valores\",\"url\":\"https:\/\/logistikaz.com\/home\/\",\"logo\":{\"@type\":\"ImageObject\",\"inLanguage\":\"es\",\"@id\":\"https:\/\/logistikaz.com\/home\/#\/schema\/logo\/image\/\",\"url\":\"https:\/\/ml5chp4esles.i.optimole.com\/cb:vVLf~49e10\/w:auto\/h:auto\/q:mauto\/f:best\/ig:avif\/https:\/\/logistikaz.com\/home\/wp-content\/uploads\/2020\/10\/logo-LOGISTIKAZ-panton.png\",\"contentUrl\":\"https:\/\/ml5chp4esles.i.optimole.com\/cb:vVLf~49e10\/w:auto\/h:auto\/q:mauto\/f:best\/ig:avif\/https:\/\/logistikaz.com\/home\/wp-content\/uploads\/2020\/10\/logo-LOGISTIKAZ-panton.png\",\"width\":2513,\"height\":1937,\"caption\":\"Logistikaz Traslado de valores\"},\"image\":{\"@id\":\"https:\/\/logistikaz.com\/home\/#\/schema\/logo\/image\/\"},\"sameAs\":[\"https:\/\/www.facebook.com\/logistikaz\/\",\"https:\/\/x.com\/logistikaz\",\"https:\/\/www.instagram.com\/logistikaz\/\",\"https:\/\/www.linkedin.com\/company\/logistikaz\"]}]}<\/script>\n<!-- \/ Yoast SEO plugin. -->","yoast_head_json":{"title":"ENTREGA DE VALORES - Logistikaz","robots":{"index":"index","follow":"follow","max-snippet":"max-snippet:-1","max-image-preview":"max-image-preview:large","max-video-preview":"max-video-preview:-1"},"canonical":"https:\/\/logistikaz.com\/home\/service-3\/","og_locale":"es_ES","og_type":"article","og_title":"ENTREGA DE VALORES - Logistikaz","og_url":"https:\/\/logistikaz.com\/home\/service-3\/","og_site_name":"Logistikaz","article_publisher":"https:\/\/www.facebook.com\/logistikaz\/","article_modified_time":"2024-11-28T20:06:14+00:00","twitter_card":"summary_large_image","twitter_site":"@logistikaz","twitter_misc":{"Tiempo de lectura":"2 minutos"},"schema":{"@context":"https:\/\/schema.org","@graph":[{"@type":"WebPage","@id":"https:\/\/logistikaz.com\/home\/service-3\/","url":"https:\/\/logistikaz.com\/home\/service-3\/","name":"ENTREGA DE VALORES - Logistikaz","isPartOf":{"@id":"https:\/\/logistikaz.com\/home\/#website"},"datePublished":"2020-11-18T20:09:30+00:00","dateModified":"2024-11-28T20:06:14+00:00","breadcrumb":{"@id":"https:\/\/logistikaz.com\/home\/service-3\/#breadcrumb"},"inLanguage":"es","potentialAction":[{"@type":"ReadAction","target":["https:\/\/logistikaz.com\/home\/service-3\/"]}]},{"@type":"BreadcrumbList","@id":"https:\/\/logistikaz.com\/home\/service-3\/#breadcrumb","itemListElement":[{"@type":"ListItem","position":1,"name":"Portada","item":"https:\/\/logistikaz.com\/home\/"},{"@type":"ListItem","position":2,"name":"ENTREGA DE VALORES"}]},{"@type":"WebSite","@id":"https:\/\/logistikaz.com\/home\/#website","url":"https:\/\/logistikaz.com\/home\/","name":"Logistikaz","description":"P&aacute;gina Oficial de Logistikaz","publisher":{"@id":"https:\/\/logistikaz.com\/home\/#organization"},"potentialAction":[{"@type":"SearchAction","target":{"@type":"EntryPoint","urlTemplate":"https:\/\/logistikaz.com\/home\/?s={search_term_string}"},"query-input":{"@type":"PropertyValueSpecification","valueRequired":true,"valueName":"search_term_string"}}],"inLanguage":"es"},{"@type":"Organization","@id":"https:\/\/logistikaz.com\/home\/#organization","name":"Logistikaz Traslado de valores","url":"https:\/\/logistikaz.com\/home\/","logo":{"@type":"ImageObject","inLanguage":"es","@id":"https:\/\/logistikaz.com\/home\/#\/schema\/logo\/image\/","url":"https:\/\/ml5chp4esles.i.optimole.com\/cb:vVLf~49e10\/w:auto\/h:auto\/q:mauto\/f:best\/ig:avif\/https:\/\/logistikaz.com\/home\/wp-content\/uploads\/2020\/10\/logo-LOGISTIKAZ-panton.png","contentUrl":"https:\/\/ml5chp4esles.i.optimole.com\/cb:vVLf~49e10\/w:auto\/h:auto\/q:mauto\/f:best\/ig:avif\/https:\/\/logistikaz.com\/home\/wp-content\/uploads\/2020\/10\/logo-LOGISTIKAZ-panton.png","width":2513,"height":1937,"caption":"Logistikaz Traslado de valores"},"image":{"@id":"https:\/\/logistikaz.com\/home\/#\/schema\/logo\/image\/"},"sameAs":["https:\/\/www.facebook.com\/logistikaz\/","https:\/\/x.com\/logistikaz","https:\/\/www.instagram.com\/logistikaz\/","https:\/\/www.linkedin.com\/company\/logistikaz"]}]}},"_links":{"self":[{"href":"https:\/\/logistikaz.com\/home\/wp-json\/wp\/v2\/pages\/470","targetHints":{"allow":["GET"]}}],"collection":[{"href":"https:\/\/logistikaz.com\/home\/wp-json\/wp\/v2\/pages"}],"about":[{"href":"https:\/\/logistikaz.com\/home\/wp-json\/wp\/v2\/types\/page"}],"author":[{"embeddable":true,"href":"https:\/\/logistikaz.com\/home\/wp-json\/wp\/v2\/users\/1"}],"replies":[{"embeddable":true,"href":"https:\/\/logistikaz.com\/home\/wp-json\/wp\/v2\/comments?post=470"}],"version-history":[{"count":25,"href":"https:\/\/logistikaz.com\/home\/wp-json\/wp\/v2\/pages\/470\/revisions"}],"predecessor-version":[{"id":1449,"href":"https:\/\/logistikaz.com\/home\/wp-json\/wp\/v2\/pages\/470\/revisions\/1449"}],"wp:attachment":[{"href":"https:\/\/logistikaz.com\/home\/wp-json\/wp\/v2\/media?parent=470"}],"curies":[{"name":"wp","href":"https:\/\/api.w.org\/{rel}","templated":true}]}}