{"id":203,"date":"2020-10-30T01:08:44","date_gmt":"2020-10-30T01:08:44","guid":{"rendered":"https:\/\/logistikaz.com\/home\/about\/"},"modified":"2024-11-28T03:42:43","modified_gmt":"2024-11-28T03:42:43","slug":"about","status":"publish","type":"page","link":"https:\/\/logistikaz.com\/home\/about\/","title":{"rendered":"About"},"content":{"rendered":"\n\n\nNosotros\n\n\n\n\n\n\n\n\n\n\n\n\n\n\n\n\n\nNuestra empresa\n\n<span style=\"font-family: Quicksand;\"><span style=\"color: rgb(89, 89, 89);\"><\/span><\/span><span style=\"line-height: 1.5;\"><span style=\"font-size: 18px; color: rgb(89, 89, 89);\"><\/span><\/span><p style=\"text-align: justify; \"><span style=\"line-height: 2; color: rgb(127, 127, 127);\">Somos una Empresa legalmente constituida, especializada en el&nbsp;<\/span><span style=\"line-height: 2; color: rgb(242, 195, 20);\">transporte de valores<\/span><span style=\"line-height: 2; color: rgb(127, 127, 127);\">&nbsp;con esquemas innovadores y tecnol\u00f3gicos para trasladar de manera segura y oportuna, as\u00ed como eficiente los valores de nuestros clientes.&nbsp;<\/span><span style=\"line-height: 2; color: rgb(79, 129, 189);\">Logistikaz <\/span><span style=\"line-height: 2; color: rgb(127, 127, 127);\">lo formamos un equipo interdisciplinario&nbsp; profesional con amplia experiencia en el sector, en \u00e1reas de servicio, control y seguridad, en la que aportamos nuestro conocimiento, as\u00ed como&nbsp;pasi\u00f3n&nbsp; por la innovaci\u00f3n y eficiencia&nbsp;para nuestros clientes.<\/span><\/p><span style=\"line-height: 1.5;\"><span style=\"font-size: 18px; color: rgb(89, 89, 89);\"><\/span><\/span><span style=\"color: rgb(89, 89, 89); font-family: Verdana, Geneva, sans-serif;\"><\/span>\n\n\n\n\nNuestra Misi\u00f3n\n\n<p class=\"MsoNormal\" style=\"text-align: justify; margin: 0cm;\"><span style=\"font-family: Quicksand;\"><span style=\"font-size: 17px;\">La Misi\u00f3n de&nbsp;<span style=\"color: rgb(79, 129, 189);\">Logistikaz<\/span>&nbsp;es&nbsp;ofrecer soluciones integrales en <span style=\"color: rgb(79, 129, 189);\">Seguridad y&nbsp;Traslado de Valores<\/span> a Clientes, a trav\u00e9s de nuestra experiencia, as\u00ed como&nbsp;conocimiento&nbsp;de la normatividad, el&nbsp;entorno,&nbsp;los&nbsp;productos, los servicios innovadores, las mejores&nbsp;pr\u00e1cticas&nbsp;as\u00ed como los&nbsp;valores agregados a trav\u00e9s de la tecnolog\u00eda, apoyando&nbsp;la rentabilidad&nbsp;de nuestros&nbsp;clientes, crecer&nbsp;y ofrecer mejor calidad&nbsp;de&nbsp;servicio, a trav\u00e9s de&nbsp;un&nbsp;equipo profesional, capacitado y comprometido.<\/span><\/span><font color=\"#000000\" face=\"Trebuchet MS, sans-serif\"><span style=\"caret-color: rgb(0, 0, 0);\"><o:p><\/o:p><\/span><\/font><\/p>\n\n\n\n\n\n\n\n\n\n\n\n\n\n\n\n\n\n\n\n\n\n\n\n\n\n\n\n\nNuestra Visi\u00f3n\n\n<p class=\"MsoNormal\" style=\"text-align: justify; margin: 0cm;\"><span style=\"font-family: Quicksand, sans-serif;\"><span style=\"font-size: 17px;\"><span style=\"color: rgb(127, 127, 127);\">Nuestra&nbsp;Visi\u00f3n&nbsp;en&nbsp;<\/span><span style=\"color: rgb(79, 129, 189);\">Logistikaz<\/span><span style=\"color: rgb(127, 127, 127);\"> es consolidarnos en M\u00e9xico como la empresa l\u00edder&nbsp;en&nbsp;<\/span><span style=\"color: rgb(79, 129, 189);\">seguridad y&nbsp;servicios de traslado de valores<\/span><span style=\"color: rgb(127, 127, 127);\">, a trav\u00e9s del uso de&nbsp;tecnolog\u00eda de punta,&nbsp;comprometidos&nbsp;en ofrecer soluciones integrales y de vanguardia a nuestros &nbsp;clientes, para maximizar su rentabilidad, as\u00ed como la capacidad&nbsp;de&nbsp;crecimiento, considerando elevar&nbsp;los est\u00e1ndares&nbsp;de&nbsp;&nbsp;beneficios para clientes, accionistas y colaboradores.<\/span><\/span><span style=\"margin: 0px; padding: 0px; outline: 0px;\"><\/span><\/span><\/p>\n\n\n","protected":false},"excerpt":{"rendered":"","protected":false},"author":1,"featured_media":0,"parent":0,"menu_order":0,"comment_status":"closed","ping_status":"closed","template":"","meta":{"pagelayer_contact_templates":[],"_pagelayer_content":"","_joinchat":[],"footnotes":""},"class_list":["post-203","page","type-page","status-publish","hentry"],"yoast_head":"<!-- This site is optimized with the Yoast SEO plugin v26.8 - https:\/\/yoast.com\/product\/yoast-seo-wordpress\/ -->\n<title>About - Logistikaz<\/title>\n<meta name=\"robots\" content=\"index, follow, max-snippet:-1, max-image-preview:large, max-video-preview:-1\" \/>\n<link rel=\"canonical\" href=\"https:\/\/logistikaz.com\/home\/about\/\" \/>\n<meta property=\"og:locale\" content=\"es_ES\" \/>\n<meta property=\"og:type\" content=\"article\" \/>\n<meta property=\"og:title\" content=\"About - Logistikaz\" \/>\n<meta property=\"og:url\" content=\"https:\/\/logistikaz.com\/home\/about\/\" \/>\n<meta property=\"og:site_name\" content=\"Logistikaz\" \/>\n<meta property=\"article:publisher\" content=\"https:\/\/www.facebook.com\/logistikaz\/\" \/>\n<meta property=\"article:modified_time\" content=\"2024-11-28T03:42:43+00:00\" \/>\n<meta name=\"twitter:card\" content=\"summary_large_image\" \/>\n<meta name=\"twitter:site\" content=\"@logistikaz\" \/>\n<meta name=\"twitter:label1\" content=\"Tiempo de lectura\" \/>\n\t<meta name=\"twitter:data1\" content=\"1 minuto\" \/>\n<script type=\"application\/ld+json\" class=\"yoast-schema-graph\">{\"@context\":\"https:\/\/schema.org\",\"@graph\":[{\"@type\":\"WebPage\",\"@id\":\"https:\/\/logistikaz.com\/home\/about\/\",\"url\":\"https:\/\/logistikaz.com\/home\/about\/\",\"name\":\"About - Logistikaz\",\"isPartOf\":{\"@id\":\"https:\/\/logistikaz.com\/home\/#website\"},\"datePublished\":\"2020-10-30T01:08:44+00:00\",\"dateModified\":\"2024-11-28T03:42:43+00:00\",\"breadcrumb\":{\"@id\":\"https:\/\/logistikaz.com\/home\/about\/#breadcrumb\"},\"inLanguage\":\"es\",\"potentialAction\":[{\"@type\":\"ReadAction\",\"target\":[\"https:\/\/logistikaz.com\/home\/about\/\"]}]},{\"@type\":\"BreadcrumbList\",\"@id\":\"https:\/\/logistikaz.com\/home\/about\/#breadcrumb\",\"itemListElement\":[{\"@type\":\"ListItem\",\"position\":1,\"name\":\"Portada\",\"item\":\"https:\/\/logistikaz.com\/home\/\"},{\"@type\":\"ListItem\",\"position\":2,\"name\":\"About\"}]},{\"@type\":\"WebSite\",\"@id\":\"https:\/\/logistikaz.com\/home\/#website\",\"url\":\"https:\/\/logistikaz.com\/home\/\",\"name\":\"Logistikaz\",\"description\":\"P&aacute;gina Oficial de Logistikaz\",\"publisher\":{\"@id\":\"https:\/\/logistikaz.com\/home\/#organization\"},\"potentialAction\":[{\"@type\":\"SearchAction\",\"target\":{\"@type\":\"EntryPoint\",\"urlTemplate\":\"https:\/\/logistikaz.com\/home\/?s={search_term_string}\"},\"query-input\":{\"@type\":\"PropertyValueSpecification\",\"valueRequired\":true,\"valueName\":\"search_term_string\"}}],\"inLanguage\":\"es\"},{\"@type\":\"Organization\",\"@id\":\"https:\/\/logistikaz.com\/home\/#organization\",\"name\":\"Logistikaz Traslado de valores\",\"url\":\"https:\/\/logistikaz.com\/home\/\",\"logo\":{\"@type\":\"ImageObject\",\"inLanguage\":\"es\",\"@id\":\"https:\/\/logistikaz.com\/home\/#\/schema\/logo\/image\/\",\"url\":\"https:\/\/ml5chp4esles.i.optimole.com\/cb:vVLf~49e10\/w:auto\/h:auto\/q:mauto\/f:best\/ig:avif\/https:\/\/logistikaz.com\/home\/wp-content\/uploads\/2020\/10\/logo-LOGISTIKAZ-panton.png\",\"contentUrl\":\"https:\/\/ml5chp4esles.i.optimole.com\/cb:vVLf~49e10\/w:auto\/h:auto\/q:mauto\/f:best\/ig:avif\/https:\/\/logistikaz.com\/home\/wp-content\/uploads\/2020\/10\/logo-LOGISTIKAZ-panton.png\",\"width\":2513,\"height\":1937,\"caption\":\"Logistikaz Traslado de valores\"},\"image\":{\"@id\":\"https:\/\/logistikaz.com\/home\/#\/schema\/logo\/image\/\"},\"sameAs\":[\"https:\/\/www.facebook.com\/logistikaz\/\",\"https:\/\/x.com\/logistikaz\",\"https:\/\/www.instagram.com\/logistikaz\/\",\"https:\/\/www.linkedin.com\/company\/logistikaz\"]}]}<\/script>\n<!-- \/ Yoast SEO plugin. -->","yoast_head_json":{"title":"About - Logistikaz","robots":{"index":"index","follow":"follow","max-snippet":"max-snippet:-1","max-image-preview":"max-image-preview:large","max-video-preview":"max-video-preview:-1"},"canonical":"https:\/\/logistikaz.com\/home\/about\/","og_locale":"es_ES","og_type":"article","og_title":"About - Logistikaz","og_url":"https:\/\/logistikaz.com\/home\/about\/","og_site_name":"Logistikaz","article_publisher":"https:\/\/www.facebook.com\/logistikaz\/","article_modified_time":"2024-11-28T03:42:43+00:00","twitter_card":"summary_large_image","twitter_site":"@logistikaz","twitter_misc":{"Tiempo de lectura":"1 minuto"},"schema":{"@context":"https:\/\/schema.org","@graph":[{"@type":"WebPage","@id":"https:\/\/logistikaz.com\/home\/about\/","url":"https:\/\/logistikaz.com\/home\/about\/","name":"About - Logistikaz","isPartOf":{"@id":"https:\/\/logistikaz.com\/home\/#website"},"datePublished":"2020-10-30T01:08:44+00:00","dateModified":"2024-11-28T03:42:43+00:00","breadcrumb":{"@id":"https:\/\/logistikaz.com\/home\/about\/#breadcrumb"},"inLanguage":"es","potentialAction":[{"@type":"ReadAction","target":["https:\/\/logistikaz.com\/home\/about\/"]}]},{"@type":"BreadcrumbList","@id":"https:\/\/logistikaz.com\/home\/about\/#breadcrumb","itemListElement":[{"@type":"ListItem","position":1,"name":"Portada","item":"https:\/\/logistikaz.com\/home\/"},{"@type":"ListItem","position":2,"name":"About"}]},{"@type":"WebSite","@id":"https:\/\/logistikaz.com\/home\/#website","url":"https:\/\/logistikaz.com\/home\/","name":"Logistikaz","description":"P&aacute;gina Oficial de Logistikaz","publisher":{"@id":"https:\/\/logistikaz.com\/home\/#organization"},"potentialAction":[{"@type":"SearchAction","target":{"@type":"EntryPoint","urlTemplate":"https:\/\/logistikaz.com\/home\/?s={search_term_string}"},"query-input":{"@type":"PropertyValueSpecification","valueRequired":true,"valueName":"search_term_string"}}],"inLanguage":"es"},{"@type":"Organization","@id":"https:\/\/logistikaz.com\/home\/#organization","name":"Logistikaz Traslado de valores","url":"https:\/\/logistikaz.com\/home\/","logo":{"@type":"ImageObject","inLanguage":"es","@id":"https:\/\/logistikaz.com\/home\/#\/schema\/logo\/image\/","url":"https:\/\/ml5chp4esles.i.optimole.com\/cb:vVLf~49e10\/w:auto\/h:auto\/q:mauto\/f:best\/ig:avif\/https:\/\/logistikaz.com\/home\/wp-content\/uploads\/2020\/10\/logo-LOGISTIKAZ-panton.png","contentUrl":"https:\/\/ml5chp4esles.i.optimole.com\/cb:vVLf~49e10\/w:auto\/h:auto\/q:mauto\/f:best\/ig:avif\/https:\/\/logistikaz.com\/home\/wp-content\/uploads\/2020\/10\/logo-LOGISTIKAZ-panton.png","width":2513,"height":1937,"caption":"Logistikaz Traslado de valores"},"image":{"@id":"https:\/\/logistikaz.com\/home\/#\/schema\/logo\/image\/"},"sameAs":["https:\/\/www.facebook.com\/logistikaz\/","https:\/\/x.com\/logistikaz","https:\/\/www.instagram.com\/logistikaz\/","https:\/\/www.linkedin.com\/company\/logistikaz"]}]}},"_links":{"self":[{"href":"https:\/\/logistikaz.com\/home\/wp-json\/wp\/v2\/pages\/203","targetHints":{"allow":["GET"]}}],"collection":[{"href":"https:\/\/logistikaz.com\/home\/wp-json\/wp\/v2\/pages"}],"about":[{"href":"https:\/\/logistikaz.com\/home\/wp-json\/wp\/v2\/types\/page"}],"author":[{"embeddable":true,"href":"https:\/\/logistikaz.com\/home\/wp-json\/wp\/v2\/users\/1"}],"replies":[{"embeddable":true,"href":"https:\/\/logistikaz.com\/home\/wp-json\/wp\/v2\/comments?post=203"}],"version-history":[{"count":41,"href":"https:\/\/logistikaz.com\/home\/wp-json\/wp\/v2\/pages\/203\/revisions"}],"predecessor-version":[{"id":1422,"href":"https:\/\/logistikaz.com\/home\/wp-json\/wp\/v2\/pages\/203\/revisions\/1422"}],"wp:attachment":[{"href":"https:\/\/logistikaz.com\/home\/wp-json\/wp\/v2\/media?parent=203"}],"curies":[{"name":"wp","href":"https:\/\/api.w.org\/{rel}","templated":true}]}}