{"id":1029,"date":"2024-11-28T20:01:21","date_gmt":"2024-11-28T20:01:21","guid":{"rendered":"https:\/\/logistikaz.com\/home\/?page_id=470"},"modified":"2024-11-28T20:01:32","modified_gmt":"2024-11-28T20:01:32","slug":"recoleccion-de-valores-clone","status":"publish","type":"page","link":"https:\/\/logistikaz.com\/home\/recoleccion-de-valores-clone\/","title":{"rendered":"RECOLECCI\u00d3N DE VALORES Clone"},"content":{"rendered":"\n\n\nRECOLECCI\u00d3N DE VALORES\n\n\n\n\n\n\n\nRECOLECCI\u00d3N de valores\n\n<p style=\"margin: 0px 0px 16px; padding: 0px; outline: 0px; overflow-wrap: break-word; caret-color: rgb(122, 122, 122); font-size: 16px; text-align: justify;\"><strong style=\"font-family: Roboto, sans-serif; color: rgb(122, 122, 122); margin: 0px; padding: 0px; outline: 0px;\"><span class=\"has-inline-color\" style=\"margin: 0px; padding: 0px; outline: 0px; color: rgb(23, 79, 102);\">LOGISTIKAZ\u00ae&nbsp;<\/span><\/strong><span style=\"font-family: Tahoma, Geneva, sans-serif; font-size: 18px;\">ha\ndesarrollado un servicio \u00fanico, basado\nen tecnolog\u00eda de punta en Traslado de Valores,\ncon el fin de minimizar los riesgos en el manejo de sus\nvalores,\nas\u00ed como en la integridad de nuestros clientes\nsus colaboradores &nbsp;y nuestro personal:&nbsp;<\/span><\/p><p style=\"margin: 0px 0px 16px; padding: 0px; outline: 0px; overflow-wrap: break-word; caret-color: rgb(122, 122, 122); font-size: 16px; text-align: justify;\"><span style=\"font-family: Tahoma, Geneva, sans-serif; font-size: 18px;\">&nbsp;\u2022&nbsp;<span style=\"color: rgb(54, 96, 146);\">Servicios\nde recolecci\u00f3n de valores<\/span> en establecimientos o domicilios de\nnuestros\nclientes mediante procesos &nbsp;innovadores a\ntrav\u00e9s de\nDispositivos\nAntirrobo, video procesos, monitoreo GPS, etc.; minimizando riesgos y &nbsp;da\u00f1os colaterales a\nsus clientes y colaboradores ante\nalg\u00fan siniestro.<\/span><\/p><p style=\"margin: 0px 0px 16px; padding: 0px; outline: 0px; overflow-wrap: break-word; caret-color: rgb(122, 122, 122); font-size: 16px; text-align: justify;\"><span style=\"font-family: Tahoma, Geneva, sans-serif; font-size: 18px;\">&nbsp;\u2022&nbsp;<span style=\"color: rgb(54, 96, 146);\">Controles\nautom\u00e1ticos<\/span> que garantizan\nque, los valores a trasladar,\nllegar\u00e1n a\nsu\ndestino\nen tiempo y forma, sin riesgo\nde que\npuedan manipularse en el traslado.<\/span><\/p><p style=\"margin: 0px 0px 16px; padding: 0px; outline: 0px; overflow-wrap: break-word; caret-color: rgb(122, 122, 122); font-size: 16px; text-align: justify;\"><span style=\"font-family: Tahoma, Geneva, sans-serif; font-size: 18px;\">&nbsp;\u2022&nbsp;Utilizamos\n<span style=\"color: rgb(54, 96, 146);\">Veh\u00edculos\nblindados ligeros,\n<\/span>cumpliendo las normar y regulaciones en el ramo,\nlo que nos hace flexibles&nbsp; y&nbsp;\nvisualmente menos llamativos\no agresivos,\nal momento de atender los servicios.<\/span><\/p><p style=\"margin: 0px 0px 16px; padding: 0px; outline: 0px; overflow-wrap: break-word; caret-color: rgb(122, 122, 122); font-size: 16px; text-align: justify;\"><span style=\"font-family: Tahoma, Geneva, sans-serif; font-size: 18px;\">&nbsp;\u2022&nbsp;Entregamos\nlos\nvalores\nde nuestros Clientes en\ndomicilios o Cajas\nGenerales\nde Bancos,\npara su acreditaci\u00f3n &nbsp;en su cuenta,&nbsp;\nal\nd\u00eda h\u00e1bil\nbancario siguiente\n(T+1).<\/span><\/p><p style=\"margin: 0px 0px 16px; padding: 0px; outline: 0px; overflow-wrap: break-word; caret-color: rgb(122, 122, 122); font-size: 16px; text-align: justify;\"><span style=\"font-family: Tahoma, Geneva, sans-serif; font-size: 18px;\">&nbsp;\u2022&nbsp;Contamos\ncon el\n<span style=\"color: rgb(54, 96, 146);\">Centro\nde Atenci\u00f3n a Clientes Logistikaz<\/span>,\n&nbsp;el cual le informar\u00e1 en tiempo real el status\nde sus valores por los canales: Whatsapp, Correo electr\u00f3nico, SMS, etc., as\u00ed\ncomo atender\ncualquier duda de sus servicios.<\/span><\/p><p style=\"margin: 0px 0px 16px; padding: 0px; outline: 0px; overflow-wrap: break-word; caret-color: rgb(122, 122, 122); font-size: 16px; text-align: justify;\"><span style=\"font-family: Tahoma, Geneva, sans-serif; font-size: 18px;\">&nbsp;\u2022<span style=\"color: rgb(54, 96, 146);\">Manejo\nde\naltos\nest\u00e1ndares\nde calidad<\/span> en el servicio y puntualidad, &nbsp;lo que nos hace una empresa eficiente y oportuna\nen\nnuestros servicios.<\/span><\/p><span style=\"font-size: 19px;\"><\/span><span style=\"font-size: 17px;\"><\/span><span style=\"font-size: 16px;\"><\/span><span style=\"font-family: &quot;Trebuchet MS&quot;, Helvetica, sans-serif;\"><span style=\"text-indent: -0.31in; background-color: transparent; font-size: 14pt; color: black; letter-spacing: -0.1pt;\"><\/span><\/span>\n\n\n\n\n\n\n\n\n\n\n\n<!--EndFragment-->\n\n\n\n\n\n\n\n<h2>Ponte en contacto<\/h2>\n\n<p style=\"text-align: center;\"><span style=\"caret-color: rgb(68, 68, 68); color: rgb(68, 68, 68); font-family: Cabin, sans-serif; text-align: justify;\">Descubre un servicio de traslado de valores diferente, innovamos integrando tecnolog\u00eda y estrategia. Con mucho gusto te podemos enviar m\u00e1s informaci\u00f3n o si requieres una cotizaci\u00f3n no dudes en ponerte en contacto para armarte un plan a la medida de acuerdo a tus necesidades y objetivos.<\/span><\/p>\n{\u00abtitle\u00bb:\u00bb \u00ab,\u00bbform\u00bb:\u00bb2&#8243;}\n\n\n\n\n\n\n\n\n\n\n\n\n\n","protected":false},"excerpt":{"rendered":"","protected":false},"author":1,"featured_media":0,"parent":0,"menu_order":0,"comment_status":"closed","ping_status":"closed","template":"","meta":{"pagelayer_contact_templates":[],"_pagelayer_content":"","_joinchat":[],"footnotes":""},"class_list":["post-1029","page","type-page","status-publish","hentry"],"yoast_head":"<!-- This site is optimized with the Yoast SEO plugin v26.8 - https:\/\/yoast.com\/product\/yoast-seo-wordpress\/ -->\n<title>RECOLECCI\u00d3N DE VALORES Clone - Logistikaz<\/title>\n<meta name=\"robots\" content=\"index, follow, max-snippet:-1, max-image-preview:large, max-video-preview:-1\" \/>\n<link rel=\"canonical\" href=\"https:\/\/logistikaz.com\/home\/recoleccion-de-valores-clone\/\" \/>\n<meta property=\"og:locale\" content=\"es_ES\" \/>\n<meta property=\"og:type\" content=\"article\" \/>\n<meta property=\"og:title\" content=\"RECOLECCI\u00d3N DE VALORES Clone - Logistikaz\" \/>\n<meta property=\"og:url\" content=\"https:\/\/logistikaz.com\/home\/recoleccion-de-valores-clone\/\" \/>\n<meta property=\"og:site_name\" content=\"Logistikaz\" \/>\n<meta property=\"article:publisher\" content=\"https:\/\/www.facebook.com\/logistikaz\/\" \/>\n<meta property=\"article:modified_time\" content=\"2024-11-28T20:01:32+00:00\" \/>\n<meta name=\"twitter:card\" content=\"summary_large_image\" \/>\n<meta name=\"twitter:site\" content=\"@logistikaz\" \/>\n<meta name=\"twitter:label1\" content=\"Tiempo de lectura\" \/>\n\t<meta name=\"twitter:data1\" content=\"1 minuto\" \/>\n<script type=\"application\/ld+json\" class=\"yoast-schema-graph\">{\"@context\":\"https:\/\/schema.org\",\"@graph\":[{\"@type\":\"WebPage\",\"@id\":\"https:\/\/logistikaz.com\/home\/recoleccion-de-valores-clone\/\",\"url\":\"https:\/\/logistikaz.com\/home\/recoleccion-de-valores-clone\/\",\"name\":\"RECOLECCI\u00d3N DE VALORES Clone - Logistikaz\",\"isPartOf\":{\"@id\":\"https:\/\/logistikaz.com\/home\/#website\"},\"datePublished\":\"2024-11-28T20:01:21+00:00\",\"dateModified\":\"2024-11-28T20:01:32+00:00\",\"breadcrumb\":{\"@id\":\"https:\/\/logistikaz.com\/home\/recoleccion-de-valores-clone\/#breadcrumb\"},\"inLanguage\":\"es\",\"potentialAction\":[{\"@type\":\"ReadAction\",\"target\":[\"https:\/\/logistikaz.com\/home\/recoleccion-de-valores-clone\/\"]}]},{\"@type\":\"BreadcrumbList\",\"@id\":\"https:\/\/logistikaz.com\/home\/recoleccion-de-valores-clone\/#breadcrumb\",\"itemListElement\":[{\"@type\":\"ListItem\",\"position\":1,\"name\":\"Portada\",\"item\":\"https:\/\/logistikaz.com\/home\/\"},{\"@type\":\"ListItem\",\"position\":2,\"name\":\"RECOLECCI\u00d3N DE VALORES Clone\"}]},{\"@type\":\"WebSite\",\"@id\":\"https:\/\/logistikaz.com\/home\/#website\",\"url\":\"https:\/\/logistikaz.com\/home\/\",\"name\":\"Logistikaz\",\"description\":\"P&aacute;gina Oficial de Logistikaz\",\"publisher\":{\"@id\":\"https:\/\/logistikaz.com\/home\/#organization\"},\"potentialAction\":[{\"@type\":\"SearchAction\",\"target\":{\"@type\":\"EntryPoint\",\"urlTemplate\":\"https:\/\/logistikaz.com\/home\/?s={search_term_string}\"},\"query-input\":{\"@type\":\"PropertyValueSpecification\",\"valueRequired\":true,\"valueName\":\"search_term_string\"}}],\"inLanguage\":\"es\"},{\"@type\":\"Organization\",\"@id\":\"https:\/\/logistikaz.com\/home\/#organization\",\"name\":\"Logistikaz Traslado de valores\",\"url\":\"https:\/\/logistikaz.com\/home\/\",\"logo\":{\"@type\":\"ImageObject\",\"inLanguage\":\"es\",\"@id\":\"https:\/\/logistikaz.com\/home\/#\/schema\/logo\/image\/\",\"url\":\"https:\/\/ml5chp4esles.i.optimole.com\/cb:vVLf~49e10\/w:auto\/h:auto\/q:mauto\/f:best\/ig:avif\/https:\/\/logistikaz.com\/home\/wp-content\/uploads\/2020\/10\/logo-LOGISTIKAZ-panton.png\",\"contentUrl\":\"https:\/\/ml5chp4esles.i.optimole.com\/cb:vVLf~49e10\/w:auto\/h:auto\/q:mauto\/f:best\/ig:avif\/https:\/\/logistikaz.com\/home\/wp-content\/uploads\/2020\/10\/logo-LOGISTIKAZ-panton.png\",\"width\":2513,\"height\":1937,\"caption\":\"Logistikaz Traslado de valores\"},\"image\":{\"@id\":\"https:\/\/logistikaz.com\/home\/#\/schema\/logo\/image\/\"},\"sameAs\":[\"https:\/\/www.facebook.com\/logistikaz\/\",\"https:\/\/x.com\/logistikaz\",\"https:\/\/www.instagram.com\/logistikaz\/\",\"https:\/\/www.linkedin.com\/company\/logistikaz\"]}]}<\/script>\n<!-- \/ Yoast SEO plugin. -->","yoast_head_json":{"title":"RECOLECCI\u00d3N DE VALORES Clone - Logistikaz","robots":{"index":"index","follow":"follow","max-snippet":"max-snippet:-1","max-image-preview":"max-image-preview:large","max-video-preview":"max-video-preview:-1"},"canonical":"https:\/\/logistikaz.com\/home\/recoleccion-de-valores-clone\/","og_locale":"es_ES","og_type":"article","og_title":"RECOLECCI\u00d3N DE VALORES Clone - Logistikaz","og_url":"https:\/\/logistikaz.com\/home\/recoleccion-de-valores-clone\/","og_site_name":"Logistikaz","article_publisher":"https:\/\/www.facebook.com\/logistikaz\/","article_modified_time":"2024-11-28T20:01:32+00:00","twitter_card":"summary_large_image","twitter_site":"@logistikaz","twitter_misc":{"Tiempo de lectura":"1 minuto"},"schema":{"@context":"https:\/\/schema.org","@graph":[{"@type":"WebPage","@id":"https:\/\/logistikaz.com\/home\/recoleccion-de-valores-clone\/","url":"https:\/\/logistikaz.com\/home\/recoleccion-de-valores-clone\/","name":"RECOLECCI\u00d3N DE VALORES Clone - Logistikaz","isPartOf":{"@id":"https:\/\/logistikaz.com\/home\/#website"},"datePublished":"2024-11-28T20:01:21+00:00","dateModified":"2024-11-28T20:01:32+00:00","breadcrumb":{"@id":"https:\/\/logistikaz.com\/home\/recoleccion-de-valores-clone\/#breadcrumb"},"inLanguage":"es","potentialAction":[{"@type":"ReadAction","target":["https:\/\/logistikaz.com\/home\/recoleccion-de-valores-clone\/"]}]},{"@type":"BreadcrumbList","@id":"https:\/\/logistikaz.com\/home\/recoleccion-de-valores-clone\/#breadcrumb","itemListElement":[{"@type":"ListItem","position":1,"name":"Portada","item":"https:\/\/logistikaz.com\/home\/"},{"@type":"ListItem","position":2,"name":"RECOLECCI\u00d3N DE VALORES Clone"}]},{"@type":"WebSite","@id":"https:\/\/logistikaz.com\/home\/#website","url":"https:\/\/logistikaz.com\/home\/","name":"Logistikaz","description":"P&aacute;gina Oficial de Logistikaz","publisher":{"@id":"https:\/\/logistikaz.com\/home\/#organization"},"potentialAction":[{"@type":"SearchAction","target":{"@type":"EntryPoint","urlTemplate":"https:\/\/logistikaz.com\/home\/?s={search_term_string}"},"query-input":{"@type":"PropertyValueSpecification","valueRequired":true,"valueName":"search_term_string"}}],"inLanguage":"es"},{"@type":"Organization","@id":"https:\/\/logistikaz.com\/home\/#organization","name":"Logistikaz Traslado de valores","url":"https:\/\/logistikaz.com\/home\/","logo":{"@type":"ImageObject","inLanguage":"es","@id":"https:\/\/logistikaz.com\/home\/#\/schema\/logo\/image\/","url":"https:\/\/ml5chp4esles.i.optimole.com\/cb:vVLf~49e10\/w:auto\/h:auto\/q:mauto\/f:best\/ig:avif\/https:\/\/logistikaz.com\/home\/wp-content\/uploads\/2020\/10\/logo-LOGISTIKAZ-panton.png","contentUrl":"https:\/\/ml5chp4esles.i.optimole.com\/cb:vVLf~49e10\/w:auto\/h:auto\/q:mauto\/f:best\/ig:avif\/https:\/\/logistikaz.com\/home\/wp-content\/uploads\/2020\/10\/logo-LOGISTIKAZ-panton.png","width":2513,"height":1937,"caption":"Logistikaz Traslado de valores"},"image":{"@id":"https:\/\/logistikaz.com\/home\/#\/schema\/logo\/image\/"},"sameAs":["https:\/\/www.facebook.com\/logistikaz\/","https:\/\/x.com\/logistikaz","https:\/\/www.instagram.com\/logistikaz\/","https:\/\/www.linkedin.com\/company\/logistikaz"]}]}},"_links":{"self":[{"href":"https:\/\/logistikaz.com\/home\/wp-json\/wp\/v2\/pages\/1029","targetHints":{"allow":["GET"]}}],"collection":[{"href":"https:\/\/logistikaz.com\/home\/wp-json\/wp\/v2\/pages"}],"about":[{"href":"https:\/\/logistikaz.com\/home\/wp-json\/wp\/v2\/types\/page"}],"author":[{"embeddable":true,"href":"https:\/\/logistikaz.com\/home\/wp-json\/wp\/v2\/users\/1"}],"replies":[{"embeddable":true,"href":"https:\/\/logistikaz.com\/home\/wp-json\/wp\/v2\/comments?post=1029"}],"version-history":[{"count":19,"href":"https:\/\/logistikaz.com\/home\/wp-json\/wp\/v2\/pages\/1029\/revisions"}],"predecessor-version":[{"id":1447,"href":"https:\/\/logistikaz.com\/home\/wp-json\/wp\/v2\/pages\/1029\/revisions\/1447"}],"wp:attachment":[{"href":"https:\/\/logistikaz.com\/home\/wp-json\/wp\/v2\/media?parent=1029"}],"curies":[{"name":"wp","href":"https:\/\/api.w.org\/{rel}","templated":true}]}}